{"id":318,"date":"2009-05-28T21:58:17","date_gmt":"2009-05-28T19:58:17","guid":{"rendered":"http:\/\/www.folkefronten.dk\/wordpress\/?page_id=2"},"modified":"2017-10-25T10:59:52","modified_gmt":"2017-10-25T08:59:52","slug":"about-2","status":"publish","type":"page","link":"http:\/\/folkefronten.dk\/?page_id=318","title":{"rendered":"Om os"},"content":{"rendered":"<p>Folkefronten er en pen&amp;paper rollespilsforening, der blev stiftet\u00a0i\u00a01987.<\/p>\n<p>Vi er ikke dedikeret til et bestemt rollespil eller genre, men spiller og har spillet bl.a. D&amp;D, Call of Cthulhu, SLA-Industries, Fusion, Vampire, Dark Heresy, Symbaroum\u00a0og egne kampagner.<\/p>\n<p>Vi er i \u00f8jeblikket 6 aktive spillere inkl. en GM, der m\u00f8des ugentligt i Valby.<\/p>\n<p>Vores spillestil kan bedst betegnes som afslappet, med udgangspunkt i f\u00e6lles regelkendskab og med fokus p\u00e5, at alle karakterer kommer til at pr\u00e6ge udviklingen af den verden vi spiller i.<\/p>\n<p>Hvis du vil i kontakt med os, kan du skrive p\u00e5 info@folkefronten.dk<\/p>\n<p>&nbsp;<\/p>\n","protected":false},"excerpt":{"rendered":"<p>Folkefronten er en pen&amp;paper rollespilsforening, der blev stiftet\u00a0i\u00a01987. Vi er ikke dedikeret til et bestemt rollespil eller genre, men spiller og har spillet bl.a. D&amp;D, Call of Cthulhu, SLA-Industries, Fusion, Vampire, Dark Heresy, Symbaroum\u00a0og egne kampagner. Vi er i \u00f8jeblikket &hellip; <a href=\"http:\/\/folkefronten.dk\/?page_id=318\">Continue reading <span class=\"meta-nav\">&rarr;<\/span><\/a><\/p>\n","protected":false},"author":1,"featured_media":0,"parent":0,"menu_order":0,"comment_status":"open","ping_status":"closed","template":"","meta":{"footnotes":""},"class_list":["post-318","page","type-page","status-publish","hentry"],"_links":{"self":[{"href":"http:\/\/folkefronten.dk\/index.php?rest_route=\/wp\/v2\/pages\/318","targetHints":{"allow":["GET"]}}],"collection":[{"href":"http:\/\/folkefronten.dk\/index.php?rest_route=\/wp\/v2\/pages"}],"about":[{"href":"http:\/\/folkefronten.dk\/index.php?rest_route=\/wp\/v2\/types\/page"}],"author":[{"embeddable":true,"href":"http:\/\/folkefronten.dk\/index.php?rest_route=\/wp\/v2\/users\/1"}],"replies":[{"embeddable":true,"href":"http:\/\/folkefronten.dk\/index.php?rest_route=%2Fwp%2Fv2%2Fcomments&post=318"}],"version-history":[{"count":9,"href":"http:\/\/folkefronten.dk\/index.php?rest_route=\/wp\/v2\/pages\/318\/revisions"}],"predecessor-version":[{"id":1210,"href":"http:\/\/folkefronten.dk\/index.php?rest_route=\/wp\/v2\/pages\/318\/revisions\/1210"}],"wp:attachment":[{"href":"http:\/\/folkefronten.dk\/index.php?rest_route=%2Fwp%2Fv2%2Fmedia&parent=318"}],"curies":[{"name":"wp","href":"https:\/\/api.w.org\/{rel}","templated":true}]}}