{"id":2175,"date":"2021-12-15T21:21:34","date_gmt":"2021-12-15T20:21:34","guid":{"rendered":"http:\/\/folkefronten.dk\/?page_id=2175"},"modified":"2023-01-18T20:16:25","modified_gmt":"2023-01-18T19:16:25","slug":"trudvang","status":"publish","type":"page","link":"http:\/\/folkefronten.dk\/?page_id=2175","title":{"rendered":"Trudvang"},"content":{"rendered":"\n<div class=\"page\" title=\"Page 8\">\n<div class=\"layoutArea\">\n<div class=\"column\">\n<p>Folkefrontens Trudvang kampagne, starter i Wildlands p\u00e5 \u00d8stkysten af Trudvang. Dette er et vildt sted mellem The Great Iron Mountains i nord og Icepeak Mountain i syd. Wildlands er en del af Stormlands, som har en f\u00e6lles kultur der drejer sig om Gerbanis religonen hvor Guden Stormi er den herskende. I Wildlands regerer syv hovedfamilier: 1. Wulfr &#8211; lever i sm\u00e5 landsbyer omkring Wolf Woods, denne familie har s\u00e6rligt forhol til Varge og bruger den i deres vartegn. 2. Saatigia &#8211; regerer Hallwind og er den rigeste familie i wildlands. 3. Hagthorn &#8211; lever i den nordlige del ved de nedlagte kobber miner denne familie var engang styrende for hele regionen men efter kobber miners ut\u00f8mning er de nu magtesl\u00f8se.<\/p>\n<\/div>\n<p><a href=\"https:\/\/kanka.io\/en\/invitation\/join\/3a854e65c69edc48a4345a3a5aa8820522f45c01164285303361ebf2a9c5120\">Find kort og mere info her<\/a><\/p>\n<p>Linket er til et Kanka site. Jeg t\u00e6nker at vi kan afpr\u00f8ve det for at holde styr p\u00e5 vores noter \ud83d\ude42<\/p>\n<\/div>\n<p><a href=\"http:\/\/folkefronten.dk\/wp-content\/uploads\/2023\/01\/3FD5BAD8-B067-4DBB-AE27-1F33D2F4BF84.jpeg\"><img loading=\"lazy\" decoding=\"async\" class=\"alignnone size-medium wp-image-2198\" src=\"http:\/\/folkefronten.dk\/wp-content\/uploads\/2023\/01\/3FD5BAD8-B067-4DBB-AE27-1F33D2F4BF84-192x300.jpeg\" alt=\"\" width=\"192\" height=\"300\" srcset=\"http:\/\/folkefronten.dk\/wp-content\/uploads\/2023\/01\/3FD5BAD8-B067-4DBB-AE27-1F33D2F4BF84-192x300.jpeg 192w, http:\/\/folkefronten.dk\/wp-content\/uploads\/2023\/01\/3FD5BAD8-B067-4DBB-AE27-1F33D2F4BF84-656x1024.jpeg 656w, http:\/\/folkefronten.dk\/wp-content\/uploads\/2023\/01\/3FD5BAD8-B067-4DBB-AE27-1F33D2F4BF84-768x1198.jpeg 768w, http:\/\/folkefronten.dk\/wp-content\/uploads\/2023\/01\/3FD5BAD8-B067-4DBB-AE27-1F33D2F4BF84-984x1536.jpeg 984w, http:\/\/folkefronten.dk\/wp-content\/uploads\/2023\/01\/3FD5BAD8-B067-4DBB-AE27-1F33D2F4BF84.jpeg 1142w\" sizes=\"auto, (max-width: 192px) 100vw, 192px\" \/><\/a><\/p>\n<p>kort fra spil 18\/1-23. Yderligere forklaring er n\u00e6ppe n\u00f8dvendig \ud83d\ude42<\/p>\n<div class=\"layoutArea\">\n<p>\u00a0<\/p>\n<div class=\"column\">\n<p>\u00a0<\/p>\n<\/div>\n<\/div>\n<\/div>\n","protected":false},"excerpt":{"rendered":"<p>Folkefrontens Trudvang kampagne, starter i Wildlands p\u00e5 \u00d8stkysten af Trudvang. Dette er et vildt sted mellem The Great Iron Mountains i nord og Icepeak Mountain i syd. Wildlands er en del af Stormlands, som har en f\u00e6lles kultur der drejer &hellip; <a href=\"http:\/\/folkefronten.dk\/?page_id=2175\">Continue reading <span class=\"meta-nav\">&rarr;<\/span><\/a><\/p>\n","protected":false},"author":18,"featured_media":2176,"parent":0,"menu_order":0,"comment_status":"open","ping_status":"closed","template":"","meta":{"footnotes":""},"class_list":["post-2175","page","type-page","status-publish","has-post-thumbnail","hentry"],"_links":{"self":[{"href":"http:\/\/folkefronten.dk\/index.php?rest_route=\/wp\/v2\/pages\/2175","targetHints":{"allow":["GET"]}}],"collection":[{"href":"http:\/\/folkefronten.dk\/index.php?rest_route=\/wp\/v2\/pages"}],"about":[{"href":"http:\/\/folkefronten.dk\/index.php?rest_route=\/wp\/v2\/types\/page"}],"author":[{"embeddable":true,"href":"http:\/\/folkefronten.dk\/index.php?rest_route=\/wp\/v2\/users\/18"}],"replies":[{"embeddable":true,"href":"http:\/\/folkefronten.dk\/index.php?rest_route=%2Fwp%2Fv2%2Fcomments&post=2175"}],"version-history":[{"count":6,"href":"http:\/\/folkefronten.dk\/index.php?rest_route=\/wp\/v2\/pages\/2175\/revisions"}],"predecessor-version":[{"id":2200,"href":"http:\/\/folkefronten.dk\/index.php?rest_route=\/wp\/v2\/pages\/2175\/revisions\/2200"}],"wp:featuredmedia":[{"embeddable":true,"href":"http:\/\/folkefronten.dk\/index.php?rest_route=\/wp\/v2\/media\/2176"}],"wp:attachment":[{"href":"http:\/\/folkefronten.dk\/index.php?rest_route=%2Fwp%2Fv2%2Fmedia&parent=2175"}],"curies":[{"name":"wp","href":"https:\/\/api.w.org\/{rel}","templated":true}]}}